{"id":216,"date":"2021-08-18T06:23:10","date_gmt":"2021-08-18T04:23:10","guid":{"rendered":"https:\/\/intermontecoconsulting.pl\/?page_id=216"},"modified":"2021-08-18T06:56:50","modified_gmt":"2021-08-18T04:56:50","slug":"generalne-wykonawstwo","status":"publish","type":"page","link":"https:\/\/intermontecoconsulting.pl\/index.php\/generalne-wykonawstwo\/","title":{"rendered":"Generalne wykonawstwo"},"content":{"rendered":"\n<p>Nasza Firma jako generalny wykonawca, gotowa jest podj\u0105\u0107 si\u0119 realizacji ka\u017cdej inwestycji.&nbsp;Dzi\u0119ki maksymalnej optymalizacji koszt\u00f3w i harmonogramu z jednoczesnym naciskiem na jako\u015b\u0107, wszyscy inwestorzy korzystaj\u0105cy z naszych us\u0142ug s\u0105 usatysfakcjonowani i zadowoleni z owocnej wsp\u00f3\u0142pracy. Posiadamy do\u015bwiadczenie w realizacji:<\/p>\n\n\n\n<ul class=\"bottom-margin wp-block-list\"><li>obiekt\u00f3w budownictwa przemys\u0142owego: hale przemys\u0142owe, budynki produkcyjne r\u00f3\u017cnych typ\u00f3w, silosy, zbiorniki;<\/li><li>budynk\u00f3w mieszkalnych: wielorodzinnych lub jednorodzinnych;<\/li><li>obiekt\u00f3w in\u017cynieryjnych: budowle ziemne, drena\u017ce, sieci kanalizacyjne, \u015bciany oporowe, zbiorniki podziemne, drogi, chodniki, elementy ma\u0142ej architektury;<\/li><li>obiekt\u00f3w u\u017cyteczno\u015bci publicznej: budynki administracyjne, galerie handlowe;<\/li><li>prac ziemnych, wyburzeniowych i remontowych, modernizacji obiekt\u00f3w budowlanych i infrastruktury towarzysz\u0105cej;<\/li><li>prac murarskich i \u017celbetowych metod\u0105 tradycyjn\u0105, posadzek przemys\u0142owych w tym tak\u017ce na parkingach wielopoziomowych;<\/li><li>monta\u017cu konstrukcji stalowych i prefabrykowanych konstrukcji \u017celbetowych;<\/li><li>monta\u017cu lekkiej obudowy hal i obiekt\u00f3w z p\u0142yt warstwowych;<\/li><li>zagospodarowanie teren\u00f3w zielonych wok\u00f3\u0142 inwestycji.<\/li><\/ul>\n","protected":false},"excerpt":{"rendered":"<p>Nasza Firma jako generalny wykonawca, gotowa jest podj\u0105\u0107 si\u0119 realizacji ka\u017cdej inwestycji.&nbsp;Dzi\u0119ki maksymalnej optymalizacji koszt\u00f3w i harmonogramu z jednoczesnym naciskiem na jako\u015b\u0107, wszyscy inwestorzy korzystaj\u0105cy z naszych us\u0142ug s\u0105 usatysfakcjonowani i zadowoleni z owocnej wsp\u00f3\u0142pracy. Posiadamy do\u015bwiadczenie w realizacji: obiekt\u00f3w budownictwa przemys\u0142owego: hale przemys\u0142owe, budynki produkcyjne r\u00f3\u017cnych typ\u00f3w, silosy, zbiorniki;<\/p>\n","protected":false},"author":1,"featured_media":217,"parent":0,"menu_order":0,"comment_status":"closed","ping_status":"closed","template":"","meta":{"footnotes":""},"class_list":["post-216","page","type-page","status-publish","has-post-thumbnail","hentry"],"_links":{"self":[{"href":"https:\/\/intermontecoconsulting.pl\/index.php\/wp-json\/wp\/v2\/pages\/216","targetHints":{"allow":["GET"]}}],"collection":[{"href":"https:\/\/intermontecoconsulting.pl\/index.php\/wp-json\/wp\/v2\/pages"}],"about":[{"href":"https:\/\/intermontecoconsulting.pl\/index.php\/wp-json\/wp\/v2\/types\/page"}],"author":[{"embeddable":true,"href":"https:\/\/intermontecoconsulting.pl\/index.php\/wp-json\/wp\/v2\/users\/1"}],"replies":[{"embeddable":true,"href":"https:\/\/intermontecoconsulting.pl\/index.php\/wp-json\/wp\/v2\/comments?post=216"}],"version-history":[{"count":2,"href":"https:\/\/intermontecoconsulting.pl\/index.php\/wp-json\/wp\/v2\/pages\/216\/revisions"}],"predecessor-version":[{"id":244,"href":"https:\/\/intermontecoconsulting.pl\/index.php\/wp-json\/wp\/v2\/pages\/216\/revisions\/244"}],"wp:featuredmedia":[{"embeddable":true,"href":"https:\/\/intermontecoconsulting.pl\/index.php\/wp-json\/wp\/v2\/media\/217"}],"wp:attachment":[{"href":"https:\/\/intermontecoconsulting.pl\/index.php\/wp-json\/wp\/v2\/media?parent=216"}],"curies":[{"name":"wp","href":"https:\/\/api.w.org\/{rel}","templated":true}]}}