{"id":224,"date":"2021-08-18T06:24:34","date_gmt":"2021-08-18T04:24:34","guid":{"rendered":"https:\/\/intermontecoconsulting.pl\/?page_id=224"},"modified":"2021-08-18T06:57:02","modified_gmt":"2021-08-18T04:57:02","slug":"realizacje-pod-klucz","status":"publish","type":"page","link":"https:\/\/intermontecoconsulting.pl\/index.php\/realizacje-pod-klucz\/","title":{"rendered":"Realizacje pod klucz"},"content":{"rendered":"\n<p>Oferujemy pe\u0142en zakres us\u0142ug budowlanych przy u\u017cyciu materia\u0142\u00f3w najwy\u017cszej jako\u015bci i wykorzystaniu najnowszych technologii.&nbsp;W swojej szerokiej ofercie posiadamy m.in. realizacje pod klucz takich budynk\u00f3w jak:<\/p>\n\n\n\n<ul class=\"wp-block-list\"><li>Domy wielorodzinne i jednorodzinne.<\/li><li>Wielokondygnacyjne budynki biurowe wraz z podziemnymi gara\u017cami.<\/li><li>Budynki u\u017cyteczno\u015bci publicznej.<\/li><li>Hale i budynki przemys\u0142owe.<\/li><li>Drogi i parkingi z nawierzchni bitumicznych oraz kostki brukowej.<\/li><\/ul>\n\n\n\n<p class=\"bottom-margin\">Wszystkie obiekty mog\u0105 przez nas zosta\u0107 wyposa\u017cone w nowoczesne systemy klimatyzacji, wentylacji, ochrony przeciwpo\u017carowej, odnawialne \u017ar\u00f3d\u0142a energii etc. oraz spe\u0142nia\u0107 parametry obiektu przyjaznego dla \u015brodowiska i u\u017cytkownika.<\/p>\n","protected":false},"excerpt":{"rendered":"<p>Oferujemy pe\u0142en zakres us\u0142ug budowlanych przy u\u017cyciu materia\u0142\u00f3w najwy\u017cszej jako\u015bci i wykorzystaniu najnowszych technologii.&nbsp;W swojej szerokiej ofercie posiadamy m.in. realizacje pod klucz takich budynk\u00f3w jak: Domy wielorodzinne i jednorodzinne. Wielokondygnacyjne budynki biurowe wraz z podziemnymi gara\u017cami. Budynki u\u017cyteczno\u015bci publicznej. Hale i budynki przemys\u0142owe. Drogi i parkingi z nawierzchni bitumicznych oraz<\/p>\n","protected":false},"author":1,"featured_media":225,"parent":0,"menu_order":0,"comment_status":"closed","ping_status":"closed","template":"","meta":{"footnotes":""},"class_list":["post-224","page","type-page","status-publish","has-post-thumbnail","hentry"],"_links":{"self":[{"href":"https:\/\/intermontecoconsulting.pl\/index.php\/wp-json\/wp\/v2\/pages\/224","targetHints":{"allow":["GET"]}}],"collection":[{"href":"https:\/\/intermontecoconsulting.pl\/index.php\/wp-json\/wp\/v2\/pages"}],"about":[{"href":"https:\/\/intermontecoconsulting.pl\/index.php\/wp-json\/wp\/v2\/types\/page"}],"author":[{"embeddable":true,"href":"https:\/\/intermontecoconsulting.pl\/index.php\/wp-json\/wp\/v2\/users\/1"}],"replies":[{"embeddable":true,"href":"https:\/\/intermontecoconsulting.pl\/index.php\/wp-json\/wp\/v2\/comments?post=224"}],"version-history":[{"count":2,"href":"https:\/\/intermontecoconsulting.pl\/index.php\/wp-json\/wp\/v2\/pages\/224\/revisions"}],"predecessor-version":[{"id":245,"href":"https:\/\/intermontecoconsulting.pl\/index.php\/wp-json\/wp\/v2\/pages\/224\/revisions\/245"}],"wp:featuredmedia":[{"embeddable":true,"href":"https:\/\/intermontecoconsulting.pl\/index.php\/wp-json\/wp\/v2\/media\/225"}],"wp:attachment":[{"href":"https:\/\/intermontecoconsulting.pl\/index.php\/wp-json\/wp\/v2\/media?parent=224"}],"curies":[{"name":"wp","href":"https:\/\/api.w.org\/{rel}","templated":true}]}}