{"id":410,"date":"2026-02-02T12:24:00","date_gmt":"2026-02-02T10:24:00","guid":{"rendered":"https:\/\/intermontecoconsulting.pl\/?page_id=410"},"modified":"2026-02-02T15:21:14","modified_gmt":"2026-02-02T13:21:14","slug":"akacjowa","status":"publish","type":"page","link":"https:\/\/intermontecoconsulting.pl\/index.php\/akacjowa\/","title":{"rendered":"Osiedle &#8222;Akacjowa&#8221; w Wieliczce"},"content":{"rendered":"\t\t<div data-elementor-type=\"wp-page\" data-elementor-id=\"410\" class=\"elementor elementor-410\">\n\t\t\t\t\t\t<section class=\"elementor-section elementor-top-section elementor-element elementor-element-248cb61b elementor-section-boxed elementor-section-height-default elementor-section-height-default wpr-particle-no wpr-jarallax-no wpr-parallax-no wpr-sticky-section-no\" data-id=\"248cb61b\" data-element_type=\"section\" data-e-type=\"section\">\n\t\t\t\t\t\t<div class=\"elementor-container elementor-column-gap-default\">\n\t\t\t\t\t<div class=\"elementor-column elementor-col-100 elementor-top-column elementor-element elementor-element-6b606cf1\" data-id=\"6b606cf1\" data-element_type=\"column\" data-e-type=\"column\">\n\t\t\t<div class=\"elementor-widget-wrap elementor-element-populated\">\n\t\t\t\t\t\t<div class=\"elementor-element elementor-element-3e573dc4 elementor-widget elementor-widget-heading\" data-id=\"3e573dc4\" data-element_type=\"widget\" data-e-type=\"widget\" data-widget_type=\"heading.default\">\n\t\t\t\t\t<h2 class=\"elementor-heading-title elementor-size-default\">Osiedle \"Akacjowa\"\nw Wieliczce<\/h2>\t\t\t\t<\/div>\n\t\t\t\t<div class=\"elementor-element elementor-element-36226052 elementor-widget-divider--view-line elementor-widget elementor-widget-divider\" data-id=\"36226052\" data-element_type=\"widget\" data-e-type=\"widget\" data-widget_type=\"divider.default\">\n\t\t\t\t\t\t\t<div class=\"elementor-divider\">\n\t\t\t<span class=\"elementor-divider-separator\">\n\t\t\t\t\t\t<\/span>\n\t\t<\/div>\n\t\t\t\t\t\t<\/div>\n\t\t\t\t<div class=\"elementor-element elementor-element-0ada5ba elementor-widget elementor-widget-image\" data-id=\"0ada5ba\" data-element_type=\"widget\" data-e-type=\"widget\" data-widget_type=\"image.default\">\n\t\t\t\t\t\t\t\t\t\t\t\t\t\t\t<img fetchpriority=\"high\" decoding=\"async\" width=\"1726\" height=\"970\" src=\"https:\/\/intermontecoconsulting.pl\/wp-content\/uploads\/2026\/01\/Akacjowa-naglowek.png\" class=\"attachment-full size-full wp-image-367\" alt=\"\" srcset=\"https:\/\/intermontecoconsulting.pl\/wp-content\/uploads\/2026\/01\/Akacjowa-naglowek.png 1726w, https:\/\/intermontecoconsulting.pl\/wp-content\/uploads\/2026\/01\/Akacjowa-naglowek-300x169.png 300w, https:\/\/intermontecoconsulting.pl\/wp-content\/uploads\/2026\/01\/Akacjowa-naglowek-1024x575.png 1024w, https:\/\/intermontecoconsulting.pl\/wp-content\/uploads\/2026\/01\/Akacjowa-naglowek-768x432.png 768w, https:\/\/intermontecoconsulting.pl\/wp-content\/uploads\/2026\/01\/Akacjowa-naglowek-1536x863.png 1536w\" sizes=\"(max-width: 1726px) 100vw, 1726px\" \/>\t\t\t\t\t\t\t\t\t\t\t\t\t\t\t<\/div>\n\t\t\t\t<div class=\"elementor-element elementor-element-6eae069a elementor-widget elementor-widget-text-editor\" data-id=\"6eae069a\" data-element_type=\"widget\" data-e-type=\"widget\" data-widget_type=\"text-editor.default\">\n\t\t\t\t\t\t\t\t\t<p data-start=\"39\" data-end=\"200\"><strong data-start=\"39\" data-end=\"55\">Lokalizacja:<\/strong><br data-start=\"55\" data-end=\"58\">Teren inwestycyjny zlokalizowany jest pomi\u0119dzy ulicami Krzyszkowick\u0105<br>i Akacjow\u0105 na terenie miasta Wieliczki w bezpo\u015brednim s\u0105siedztwie Krakowa.<\/p>\t\t\t\t\t\t\t\t<\/div>\n\t\t\t\t<div class=\"elementor-element elementor-element-9686daf elementor-widget elementor-widget-google_maps\" data-id=\"9686daf\" data-element_type=\"widget\" data-e-type=\"widget\" data-widget_type=\"google_maps.default\">\n\t\t\t\t\t\t\t<div class=\"elementor-custom-embed\">\n\t\t\t<iframe loading=\"lazy\"\n\t\t\t\t\tsrc=\"https:\/\/maps.google.com\/maps?q=49.989617%2C%2020.019289&#038;t=m&#038;z=13&#038;output=embed&#038;iwloc=near\"\n\t\t\t\t\ttitle=\"49.989617, 20.019289\"\n\t\t\t\t\taria-label=\"49.989617, 20.019289\"\n\t\t\t><\/iframe>\n\t\t<\/div>\n\t\t\t\t\t\t<\/div>\n\t\t<div class=\"elementor-element elementor-element-e5928e3 e-grid e-con-boxed wpr-particle-no wpr-jarallax-no wpr-parallax-no wpr-sticky-section-no e-con e-parent\" data-id=\"e5928e3\" data-element_type=\"container\" data-e-type=\"container\">\n\t\t\t\t\t<div class=\"e-con-inner\">\n\t\t\t\t<div class=\"elementor-element elementor-element-9ba0f18 elementor-widget elementor-widget-text-editor\" data-id=\"9ba0f18\" data-element_type=\"widget\" data-e-type=\"widget\" data-widget_type=\"text-editor.default\">\n\t\t\t\t\t\t\t\t\t<p data-start=\"39\" data-end=\"200\"><strong data-start=\"202\" data-end=\"219\" style=\"font-size: inherit;\">Powierzchnia:<\/strong><\/p>\n<p data-start=\"202\" data-end=\"426\">Pow. terenu inwestycji: <strong data-start=\"246\" data-end=\"259\">37 980 m\u00b2<\/strong><br data-start=\"259\" data-end=\"262\" \/>Pow. terenu w ramach inwestycji mieszkaniowej: <strong data-start=\"309\" data-end=\"322\">33 597 m\u00b2<\/strong>, w tym:<br data-start=\"330\" data-end=\"333\" \/>\u2013 <strong data-start=\"335\" data-end=\"348\">13 478 m\u00b2<\/strong> powierzchni biologicznie czynnej<br data-start=\"381\" data-end=\"384\" \/>\u2013 <strong data-start=\"386\" data-end=\"399\">20 119 m\u00b2<\/strong> powierzchni zainwestowania<\/p>\n<p data-start=\"428\" data-end=\"603\"><strong data-start=\"428\" data-end=\"464\">Bilans jednostek mieszkaniowych:<\/strong><br data-start=\"464\" data-end=\"467\" \/>Domy w zabudowie szeregowej: <strong data-start=\"496\" data-end=\"502\">28<\/strong><br data-start=\"502\" data-end=\"505\" \/>Mieszkania w zabudowie szeregowej: <strong data-start=\"540\" data-end=\"547\">162<\/strong><br data-start=\"547\" data-end=\"550\" \/>\u0141\u0105cznie: <strong data-start=\"559\" data-end=\"603\" data-is-only-node=\"\">190 jednostek mieszkaniowych (13 334 m\u00b2)<\/strong><\/p>\n<p data-start=\"605\" data-end=\"786\"><strong data-start=\"605\" data-end=\"635\">Bilans miejsc postojowych:<\/strong><br data-start=\"635\" data-end=\"638\" \/>Gara\u017ce: <strong data-start=\"646\" data-end=\"667\">68 szt. (1462 m\u00b2)<\/strong><br data-start=\"667\" data-end=\"670\" \/>Miejsca postojowe na terenie: <strong data-start=\"700\" data-end=\"731\">141 szt. (realnie 265 szt.)<\/strong><br data-start=\"731\" data-end=\"734\" \/>\u0141\u0105cznie: <strong data-start=\"743\" data-end=\"786\" data-is-only-node=\"\">209 szt. (333 szt.) miejsc parkingowych<\/strong><\/p>\n<p data-start=\"788\" data-end=\"883\" data-is-last-node=\"\" data-is-only-node=\"\"><strong data-start=\"788\" data-end=\"797\">Inne:<\/strong><br data-start=\"797\" data-end=\"800\" \/>Na terenie inwestycji zaprojektowano nowy uk\u0142ad drogowy oraz powierzchnie handlowe.<\/p>\t\t\t\t\t\t\t\t<\/div>\n\t\t\t\t<div class=\"elementor-element elementor-element-31cf274 elementor-widget elementor-widget-image\" data-id=\"31cf274\" data-element_type=\"widget\" data-e-type=\"widget\" data-widget_type=\"image.default\">\n\t\t\t\t\t\t\t\t\t\t\t\t\t\t\t\t<a href=\"https:\/\/intermontecoconsulting.pl\/wp-content\/uploads\/2026\/01\/rzut-akacjowa.png\" data-elementor-open-lightbox=\"yes\" data-elementor-lightbox-title=\"rzut akacjowa\" data-e-action-hash=\"#elementor-action%3Aaction%3Dlightbox%26settings%3DeyJpZCI6MzY5LCJ1cmwiOiJodHRwczpcL1wvaW50ZXJtb250ZWNvY29uc3VsdGluZy5wbFwvd3AtY29udGVudFwvdXBsb2Fkc1wvMjAyNlwvMDFcL3J6dXQtYWthY2pvd2EucG5nIn0%3D\">\n\t\t\t\t\t\t\t<img decoding=\"async\" src=\"https:\/\/intermontecoconsulting.pl\/wp-content\/uploads\/elementor\/thumbs\/rzut-akacjowa-rif5fs32gv7ztygnu6hfhmcxs77nm8zf9e1cwncow0.png\" title=\"rzut akacjowa\" alt=\"rzut akacjowa\" loading=\"lazy\" \/>\t\t\t\t\t\t\t\t<\/a>\n\t\t\t\t\t\t\t\t\t\t\t\t\t\t\t<\/div>\n\t\t\t\t\t<\/div>\n\t\t\t\t<\/div>\n\t\t\t\t<div class=\"elementor-element elementor-element-b7745fa elementor-widget elementor-widget-video\" data-id=\"b7745fa\" data-element_type=\"widget\" data-e-type=\"widget\" data-settings=\"{&quot;youtube_url&quot;:&quot;https:\\\/\\\/youtu.be\\\/9LizA-AmAco&quot;,&quot;video_type&quot;:&quot;youtube&quot;,&quot;controls&quot;:&quot;yes&quot;}\" data-widget_type=\"video.default\">\n\t\t\t\t\t\t\t<div class=\"elementor-wrapper elementor-open-inline\">\n\t\t\t<div class=\"elementor-video\"><\/div>\t\t<\/div>\n\t\t\t\t\t\t<\/div>\n\t\t\t\t<div class=\"elementor-element elementor-element-1120405 elementor-widget elementor-widget-video\" data-id=\"1120405\" data-element_type=\"widget\" data-e-type=\"widget\" data-settings=\"{&quot;video_type&quot;:&quot;hosted&quot;,&quot;controls&quot;:&quot;yes&quot;}\" data-widget_type=\"video.default\">\n\t\t\t\t\t\t\t<div class=\"e-hosted-video elementor-wrapper elementor-open-inline\">\n\t\t\t\t\t<video class=\"elementor-video\" src=\"https:\/\/intermontecoconsulting.pl\/wp-content\/uploads\/2026\/02\/WLAK_PK1_film_01.mp4\" controls=\"\" preload=\"metadata\" controlsList=\"nodownload\"><\/video>\n\t\t\t\t<\/div>\n\t\t\t\t\t\t<\/div>\n\t\t\t\t\t<\/div>\n\t\t<\/div>\n\t\t\t\t\t<\/div>\n\t\t<\/section>\n\t\t<div class=\"elementor-element elementor-element-8e66725 e-flex e-con-boxed wpr-particle-no wpr-jarallax-no wpr-parallax-no wpr-sticky-section-no e-con e-parent\" data-id=\"8e66725\" data-element_type=\"container\" data-e-type=\"container\">\n\t\t\t\t\t<div class=\"e-con-inner\">\n\t\t\t\t<div class=\"elementor-element elementor-element-d56eab8 elementor-widget elementor-widget-image\" data-id=\"d56eab8\" data-element_type=\"widget\" data-e-type=\"widget\" data-widget_type=\"image.default\">\n\t\t\t\t\t\t\t\t\t\t\t\t\t\t\t\t<a href=\"https:\/\/intermontecoconsulting.pl\/wp-content\/uploads\/2026\/01\/Koncepcja-zabudowy.png\" data-elementor-open-lightbox=\"yes\" data-elementor-lightbox-title=\"Koncepcja zabudowy\" data-e-action-hash=\"#elementor-action%3Aaction%3Dlightbox%26settings%3DeyJpZCI6MzcxLCJ1cmwiOiJodHRwczpcL1wvaW50ZXJtb250ZWNvY29uc3VsdGluZy5wbFwvd3AtY29udGVudFwvdXBsb2Fkc1wvMjAyNlwvMDFcL0tvbmNlcGNqYS16YWJ1ZG93eS5wbmcifQ%3D%3D\">\n\t\t\t\t\t\t\t<img decoding=\"async\" width=\"750\" height=\"530\" src=\"https:\/\/intermontecoconsulting.pl\/wp-content\/uploads\/2026\/01\/Koncepcja-zabudowy-1024x724.png\" class=\"attachment-large size-large wp-image-371\" alt=\"\" srcset=\"https:\/\/intermontecoconsulting.pl\/wp-content\/uploads\/2026\/01\/Koncepcja-zabudowy-1024x724.png 1024w, https:\/\/intermontecoconsulting.pl\/wp-content\/uploads\/2026\/01\/Koncepcja-zabudowy-300x212.png 300w, https:\/\/intermontecoconsulting.pl\/wp-content\/uploads\/2026\/01\/Koncepcja-zabudowy-768x543.png 768w, https:\/\/intermontecoconsulting.pl\/wp-content\/uploads\/2026\/01\/Koncepcja-zabudowy-1536x1086.png 1536w, https:\/\/intermontecoconsulting.pl\/wp-content\/uploads\/2026\/01\/Koncepcja-zabudowy.png 1684w\" sizes=\"(max-width: 750px) 100vw, 750px\" \/>\t\t\t\t\t\t\t\t<\/a>\n\t\t\t\t\t\t\t\t\t\t\t\t\t\t\t<\/div>\n\t\t\t\t\t<\/div>\n\t\t\t\t<\/div>\n\t\t<div class=\"elementor-element elementor-element-fd8b982 e-flex e-con-boxed wpr-particle-no wpr-jarallax-no wpr-parallax-no wpr-sticky-section-no e-con e-parent\" data-id=\"fd8b982\" data-element_type=\"container\" data-e-type=\"container\">\n\t\t\t\t\t<div class=\"e-con-inner\">\n\t\t\t\t<div class=\"elementor-element elementor-element-43ad174 elementor-arrows-position-inside elementor-pagination-position-outside elementor-widget elementor-widget-image-carousel\" data-id=\"43ad174\" data-element_type=\"widget\" data-e-type=\"widget\" data-settings=\"{&quot;navigation&quot;:&quot;both&quot;,&quot;autoplay&quot;:&quot;yes&quot;,&quot;pause_on_hover&quot;:&quot;yes&quot;,&quot;pause_on_interaction&quot;:&quot;yes&quot;,&quot;autoplay_speed&quot;:5000,&quot;infinite&quot;:&quot;yes&quot;,&quot;speed&quot;:500}\" data-widget_type=\"image-carousel.default\">\n\t\t\t\t\t\t\t<div class=\"elementor-image-carousel-wrapper swiper\" role=\"region\" aria-roledescription=\"carousel\" aria-label=\"Karuzela obrazk\u00f3w\" dir=\"ltr\">\n\t\t\t<div class=\"elementor-image-carousel swiper-wrapper swiper-image-stretch\" aria-live=\"off\">\n\t\t\t\t\t\t\t\t<div class=\"swiper-slide\" role=\"group\" aria-roledescription=\"slide\" aria-label=\"1 z 4\"><a data-elementor-open-lightbox=\"yes\" data-elementor-lightbox-slideshow=\"43ad174\" data-elementor-lightbox-title=\"ms-2\" data-e-action-hash=\"#elementor-action%3Aaction%3Dlightbox%26settings%3DeyJpZCI6Mzc1LCJ1cmwiOiJodHRwczpcL1wvaW50ZXJtb250ZWNvY29uc3VsdGluZy5wbFwvd3AtY29udGVudFwvdXBsb2Fkc1wvMjAyNlwvMDFcL21zLTIucG5nIiwic2xpZGVzaG93IjoiNDNhZDE3NCJ9\" href=\"https:\/\/intermontecoconsulting.pl\/wp-content\/uploads\/2026\/01\/ms-2.png\"><figure class=\"swiper-slide-inner\"><img decoding=\"async\" class=\"swiper-slide-image\" src=\"https:\/\/intermontecoconsulting.pl\/wp-content\/uploads\/2026\/01\/ms-2-768x543.png\" alt=\"ms-2\" \/><\/figure><\/a><\/div><div class=\"swiper-slide\" role=\"group\" aria-roledescription=\"slide\" aria-label=\"2 z 4\"><a data-elementor-open-lightbox=\"yes\" data-elementor-lightbox-slideshow=\"43ad174\" data-elementor-lightbox-title=\"ms-1\" data-e-action-hash=\"#elementor-action%3Aaction%3Dlightbox%26settings%3DeyJpZCI6Mzc0LCJ1cmwiOiJodHRwczpcL1wvaW50ZXJtb250ZWNvY29uc3VsdGluZy5wbFwvd3AtY29udGVudFwvdXBsb2Fkc1wvMjAyNlwvMDFcL21zLTEucG5nIiwic2xpZGVzaG93IjoiNDNhZDE3NCJ9\" href=\"https:\/\/intermontecoconsulting.pl\/wp-content\/uploads\/2026\/01\/ms-1.png\"><figure class=\"swiper-slide-inner\"><img decoding=\"async\" class=\"swiper-slide-image\" src=\"https:\/\/intermontecoconsulting.pl\/wp-content\/uploads\/2026\/01\/ms-1-768x543.png\" alt=\"ms-1\" \/><\/figure><\/a><\/div><div class=\"swiper-slide\" role=\"group\" aria-roledescription=\"slide\" aria-label=\"3 z 4\"><a data-elementor-open-lightbox=\"yes\" data-elementor-lightbox-slideshow=\"43ad174\" data-elementor-lightbox-title=\"ds-1\" data-e-action-hash=\"#elementor-action%3Aaction%3Dlightbox%26settings%3DeyJpZCI6MzcyLCJ1cmwiOiJodHRwczpcL1wvaW50ZXJtb250ZWNvY29uc3VsdGluZy5wbFwvd3AtY29udGVudFwvdXBsb2Fkc1wvMjAyNlwvMDFcL2RzLTEucG5nIiwic2xpZGVzaG93IjoiNDNhZDE3NCJ9\" href=\"https:\/\/intermontecoconsulting.pl\/wp-content\/uploads\/2026\/01\/ds-1.png\"><figure class=\"swiper-slide-inner\"><img decoding=\"async\" class=\"swiper-slide-image\" src=\"https:\/\/intermontecoconsulting.pl\/wp-content\/uploads\/2026\/01\/ds-1-768x543.png\" alt=\"ds-1\" \/><\/figure><\/a><\/div><div class=\"swiper-slide\" role=\"group\" aria-roledescription=\"slide\" aria-label=\"4 z 4\"><a data-elementor-open-lightbox=\"yes\" data-elementor-lightbox-slideshow=\"43ad174\" data-elementor-lightbox-title=\"mb-1\" data-e-action-hash=\"#elementor-action%3Aaction%3Dlightbox%26settings%3DeyJpZCI6MzczLCJ1cmwiOiJodHRwczpcL1wvaW50ZXJtb250ZWNvY29uc3VsdGluZy5wbFwvd3AtY29udGVudFwvdXBsb2Fkc1wvMjAyNlwvMDFcL21iLTEucG5nIiwic2xpZGVzaG93IjoiNDNhZDE3NCJ9\" href=\"https:\/\/intermontecoconsulting.pl\/wp-content\/uploads\/2026\/01\/mb-1.png\"><figure class=\"swiper-slide-inner\"><img decoding=\"async\" class=\"swiper-slide-image\" src=\"https:\/\/intermontecoconsulting.pl\/wp-content\/uploads\/2026\/01\/mb-1-768x543.png\" alt=\"mb-1\" \/><\/figure><\/a><\/div>\t\t\t<\/div>\n\t\t\t\t\t\t\t\t\t\t\t\t<div class=\"elementor-swiper-button elementor-swiper-button-prev\" role=\"button\" tabindex=\"0\">\n\t\t\t\t\t\t<svg aria-hidden=\"true\" class=\"e-font-icon-svg e-eicon-chevron-left\" viewBox=\"0 0 1000 1000\" xmlns=\"http:\/\/www.w3.org\/2000\/svg\"><path d=\"M646 125C629 125 613 133 604 142L308 442C296 454 292 471 292 487 292 504 296 521 308 533L604 854C617 867 629 875 646 875 663 875 679 871 692 858 704 846 713 829 713 812 713 796 708 779 692 767L438 487 692 225C700 217 708 204 708 187 708 171 704 154 692 142 675 129 663 125 646 125Z\"><\/path><\/svg>\t\t\t\t\t<\/div>\n\t\t\t\t\t<div class=\"elementor-swiper-button elementor-swiper-button-next\" role=\"button\" tabindex=\"0\">\n\t\t\t\t\t\t<svg aria-hidden=\"true\" class=\"e-font-icon-svg e-eicon-chevron-right\" viewBox=\"0 0 1000 1000\" xmlns=\"http:\/\/www.w3.org\/2000\/svg\"><path d=\"M696 533C708 521 713 504 713 487 713 471 708 454 696 446L400 146C388 133 375 125 354 125 338 125 325 129 313 142 300 154 292 171 292 187 292 204 296 221 308 233L563 492 304 771C292 783 288 800 288 817 288 833 296 850 308 863 321 871 338 875 354 875 371 875 388 867 400 854L696 533Z\"><\/path><\/svg>\t\t\t\t\t<\/div>\n\t\t\t\t\n\t\t\t\t\t\t\t\t\t<div class=\"swiper-pagination\"><\/div>\n\t\t\t\t\t\t\t\t\t<\/div>\n\t\t\t\t\t\t<\/div>\n\t\t\t\t\t<\/div>\n\t\t\t\t<\/div>\n\t\t\t\t<\/div>\n\t\t","protected":false},"excerpt":{"rendered":"<p>Osiedle &#8222;Akacjowa&#8221; w Wieliczce Lokalizacja:Teren inwestycyjny zlokalizowany jest pomi\u0119dzy ulicami Krzyszkowick\u0105i Akacjow\u0105 na terenie miasta Wieliczki w bezpo\u015brednim s\u0105siedztwie Krakowa. Powierzchnia: Pow. terenu inwestycji: 37 980 m\u00b2Pow. terenu w ramach inwestycji mieszkaniowej: 33 597 m\u00b2, w tym:\u2013 13 478 m\u00b2 powierzchni biologicznie czynnej\u2013 20 119 m\u00b2 powierzchni zainwestowania Bilans jednostek<\/p>\n","protected":false},"author":1,"featured_media":0,"parent":0,"menu_order":0,"comment_status":"closed","ping_status":"closed","template":"page-templates\/template-pagebuilder-full-width.php","meta":{"footnotes":""},"class_list":["post-410","page","type-page","status-publish","hentry"],"_links":{"self":[{"href":"https:\/\/intermontecoconsulting.pl\/index.php\/wp-json\/wp\/v2\/pages\/410","targetHints":{"allow":["GET"]}}],"collection":[{"href":"https:\/\/intermontecoconsulting.pl\/index.php\/wp-json\/wp\/v2\/pages"}],"about":[{"href":"https:\/\/intermontecoconsulting.pl\/index.php\/wp-json\/wp\/v2\/types\/page"}],"author":[{"embeddable":true,"href":"https:\/\/intermontecoconsulting.pl\/index.php\/wp-json\/wp\/v2\/users\/1"}],"replies":[{"embeddable":true,"href":"https:\/\/intermontecoconsulting.pl\/index.php\/wp-json\/wp\/v2\/comments?post=410"}],"version-history":[{"count":16,"href":"https:\/\/intermontecoconsulting.pl\/index.php\/wp-json\/wp\/v2\/pages\/410\/revisions"}],"predecessor-version":[{"id":556,"href":"https:\/\/intermontecoconsulting.pl\/index.php\/wp-json\/wp\/v2\/pages\/410\/revisions\/556"}],"wp:attachment":[{"href":"https:\/\/intermontecoconsulting.pl\/index.php\/wp-json\/wp\/v2\/media?parent=410"}],"curies":[{"name":"wp","href":"https:\/\/api.w.org\/{rel}","templated":true}]}}