{"id":423,"date":"2026-02-02T12:46:13","date_gmt":"2026-02-02T10:46:13","guid":{"rendered":"https:\/\/intermontecoconsulting.pl\/?page_id=423"},"modified":"2026-02-06T09:55:28","modified_gmt":"2026-02-06T07:55:28","slug":"sw-barbary","status":"publish","type":"page","link":"https:\/\/intermontecoconsulting.pl\/index.php\/sw-barbary\/","title":{"rendered":"Osiedle &#8222;\u015aw. Barbary&#8221; w Wieliczce"},"content":{"rendered":"\t\t<div data-elementor-type=\"wp-page\" data-elementor-id=\"423\" class=\"elementor elementor-423\">\n\t\t\t\t\t\t<section class=\"elementor-section elementor-top-section elementor-element elementor-element-248cb61b elementor-section-boxed elementor-section-height-default elementor-section-height-default wpr-particle-no wpr-jarallax-no wpr-parallax-no wpr-sticky-section-no\" data-id=\"248cb61b\" data-element_type=\"section\" data-e-type=\"section\">\n\t\t\t\t\t\t<div class=\"elementor-container elementor-column-gap-default\">\n\t\t\t\t\t<div class=\"elementor-column elementor-col-100 elementor-top-column elementor-element elementor-element-6b606cf1\" data-id=\"6b606cf1\" data-element_type=\"column\" data-e-type=\"column\">\n\t\t\t<div class=\"elementor-widget-wrap elementor-element-populated\">\n\t\t\t\t\t\t<div class=\"elementor-element elementor-element-3e573dc4 elementor-widget elementor-widget-heading\" data-id=\"3e573dc4\" data-element_type=\"widget\" data-e-type=\"widget\" data-widget_type=\"heading.default\">\n\t\t\t\t\t<h2 class=\"elementor-heading-title elementor-size-default\">Osiedle \"\u015aw. Barbary\"\nw Wieliczce<\/h2>\t\t\t\t<\/div>\n\t\t\t\t<div class=\"elementor-element elementor-element-36226052 elementor-widget-divider--view-line elementor-widget elementor-widget-divider\" data-id=\"36226052\" data-element_type=\"widget\" data-e-type=\"widget\" data-widget_type=\"divider.default\">\n\t\t\t\t\t\t\t<div class=\"elementor-divider\">\n\t\t\t<span class=\"elementor-divider-separator\">\n\t\t\t\t\t\t<\/span>\n\t\t<\/div>\n\t\t\t\t\t\t<\/div>\n\t\t\t\t<div class=\"elementor-element elementor-element-0ada5ba elementor-widget elementor-widget-image\" data-id=\"0ada5ba\" data-element_type=\"widget\" data-e-type=\"widget\" data-widget_type=\"image.default\">\n\t\t\t\t\t\t\t\t\t\t\t\t\t\t\t<img fetchpriority=\"high\" decoding=\"async\" width=\"1019\" height=\"450\" src=\"https:\/\/intermontecoconsulting.pl\/wp-content\/uploads\/2026\/02\/sw-barabary-teren.png\" class=\"attachment-full size-full wp-image-425\" alt=\"\" srcset=\"https:\/\/intermontecoconsulting.pl\/wp-content\/uploads\/2026\/02\/sw-barabary-teren.png 1019w, https:\/\/intermontecoconsulting.pl\/wp-content\/uploads\/2026\/02\/sw-barabary-teren-300x132.png 300w, https:\/\/intermontecoconsulting.pl\/wp-content\/uploads\/2026\/02\/sw-barabary-teren-768x339.png 768w\" sizes=\"(max-width: 1019px) 100vw, 1019px\" \/>\t\t\t\t\t\t\t\t\t\t\t\t\t\t\t<\/div>\n\t\t\t\t<div class=\"elementor-element elementor-element-6eae069a elementor-widget elementor-widget-text-editor\" data-id=\"6eae069a\" data-element_type=\"widget\" data-e-type=\"widget\" data-widget_type=\"text-editor.default\">\n\t\t\t\t\t\t\t\t\t<p data-start=\"39\" data-end=\"200\"><strong data-start=\"46\" data-end=\"62\">Lokalizacja:<\/strong><br data-start=\"62\" data-end=\"65\" \/>Teren inwestycyjny przeznaczony do zabudowy wielorodzinnej zlokalizowany jest przy ul. \u015aw. Barbary na terenie miasta Wieliczka,\u00a0<br \/><span style=\"font-size: inherit;\">w s\u0105siedztwie Krakowa oraz parku handlowego.<\/span><\/p>\t\t\t\t\t\t\t\t<\/div>\n\t\t\t\t<div class=\"elementor-element elementor-element-9686daf elementor-widget elementor-widget-google_maps\" data-id=\"9686daf\" data-element_type=\"widget\" data-e-type=\"widget\" data-widget_type=\"google_maps.default\">\n\t\t\t\t\t\t\t<div class=\"elementor-custom-embed\">\n\t\t\t<iframe loading=\"lazy\"\n\t\t\t\t\tsrc=\"https:\/\/maps.google.com\/maps?q=49%C2%B059%2733.4%22N%2020%C2%B002%2707.4%22E&#038;t=m&#038;z=13&#038;output=embed&#038;iwloc=near\"\n\t\t\t\t\ttitle=\"49\u00b059&#039;33.4&quot;N 20\u00b002&#039;07.4&quot;E\"\n\t\t\t\t\taria-label=\"49\u00b059&#039;33.4&quot;N 20\u00b002&#039;07.4&quot;E\"\n\t\t\t><\/iframe>\n\t\t<\/div>\n\t\t\t\t\t\t<\/div>\n\t\t<div class=\"elementor-element elementor-element-e5928e3 e-grid e-con-boxed wpr-particle-no wpr-jarallax-no wpr-parallax-no wpr-sticky-section-no e-con e-parent\" data-id=\"e5928e3\" data-element_type=\"container\" data-e-type=\"container\">\n\t\t\t\t\t<div class=\"e-con-inner\">\n\t\t\t\t<div class=\"elementor-element elementor-element-9ba0f18 elementor-widget elementor-widget-text-editor\" data-id=\"9ba0f18\" data-element_type=\"widget\" data-e-type=\"widget\" data-widget_type=\"text-editor.default\">\n\t\t\t\t\t\t\t\t\t<div class=\"flex flex-col text-sm pb-25\"><article class=\"text-token-text-primary w-full focus:outline-none [--shadow-height:45px] has-data-writing-block:pointer-events-none has-data-writing-block:-mt-(--shadow-height) has-data-writing-block:pt-(--shadow-height) [&amp;:has([data-writing-block])&gt;*]:pointer-events-auto scroll-mt-[calc(var(--header-height)+min(200px,max(70px,20svh)))]\" dir=\"auto\" data-turn-id=\"40fa3203-c5b3-4de3-9b0a-0691e7f02e0c\" data-testid=\"conversation-turn-4\" data-scroll-anchor=\"true\" data-turn=\"assistant\" tabindex=\"-1\"><div class=\"text-base my-auto mx-auto pb-10 [--thread-content-margin:--spacing(4)] @w-sm\/main:[--thread-content-margin:--spacing(6)] @w-lg\/main:[--thread-content-margin:--spacing(16)] px-(--thread-content-margin)\"><div class=\"[--thread-content-max-width:40rem] @w-lg\/main:[--thread-content-max-width:48rem] mx-auto max-w-(--thread-content-max-width) flex-1 group\/turn-messages focus-visible:outline-hidden relative flex w-full min-w-0 flex-col agent-turn\" tabindex=\"-1\"><div class=\"flex max-w-full flex-col grow\"><div data-message-author-role=\"assistant\" data-message-id=\"7492363c-4954-49f7-922b-eddd1540529f\" dir=\"auto\" class=\"min-h-8 text-message relative flex w-full flex-col items-end gap-2 text-start break-words whitespace-normal [.text-message+&amp;]:mt-1\" data-message-model-slug=\"gpt-5-2\"><div class=\"flex w-full flex-col gap-1 empty:hidden first:pt-[1px]\"><div class=\"markdown prose dark:prose-invert w-full wrap-break-word light markdown-new-styling\"><p><strong>Powierzchnia:<\/strong><br \/>Pow. terenu inwestycji: 19 191m2<\/p><p><strong>Warunki Zabudowy<\/strong><br \/>Powierzchnia zabudowy: 4 605m2 (24%)<br \/>Pow. biol. czynna: 7 676m2 (40%)<br \/>Szeroko\u015b\u0107 elewacji frontowej: 14,5-23m Wysoko\u015b\u0107 kalenicy 10m +\/-1m<br \/>Wysoko\u015b\u0107 okap\u00f3w 7m +\/-1m<br \/>Nachylenie po\u0142aci dachu 20-45\u00b0<\/p><p><strong>Inne:<\/strong><br \/>Na terenie inwestycji zaprojektowano nowy uk\u0142ad drogowy.<\/p><\/div><\/div><\/div><\/div><\/div><\/div><\/article><\/div>\t\t\t\t\t\t\t\t<\/div>\n\t\t\t\t<div class=\"elementor-element elementor-element-31cf274 elementor-widget elementor-widget-image\" data-id=\"31cf274\" data-element_type=\"widget\" data-e-type=\"widget\" data-widget_type=\"image.default\">\n\t\t\t\t\t\t\t\t\t\t\t\t\t\t\t\t<a href=\"https:\/\/intermontecoconsulting.pl\/wp-content\/uploads\/2026\/02\/sw-barabary-rzut.png\" data-elementor-open-lightbox=\"yes\" data-elementor-lightbox-title=\"sw barabary rzut\" data-e-action-hash=\"#elementor-action%3Aaction%3Dlightbox%26settings%3DeyJpZCI6NTYwLCJ1cmwiOiJodHRwczpcL1wvaW50ZXJtb250ZWNvY29uc3VsdGluZy5wbFwvd3AtY29udGVudFwvdXBsb2Fkc1wvMjAyNlwvMDJcL3N3LWJhcmFiYXJ5LXJ6dXQucG5nIn0%3D\">\n\t\t\t\t\t\t\t<img decoding=\"async\" width=\"1686\" height=\"1006\" src=\"https:\/\/intermontecoconsulting.pl\/wp-content\/uploads\/2026\/02\/sw-barabary-rzut.png\" class=\"attachment-full size-full wp-image-560\" alt=\"\" srcset=\"https:\/\/intermontecoconsulting.pl\/wp-content\/uploads\/2026\/02\/sw-barabary-rzut.png 1686w, https:\/\/intermontecoconsulting.pl\/wp-content\/uploads\/2026\/02\/sw-barabary-rzut-300x179.png 300w, https:\/\/intermontecoconsulting.pl\/wp-content\/uploads\/2026\/02\/sw-barabary-rzut-1024x611.png 1024w, https:\/\/intermontecoconsulting.pl\/wp-content\/uploads\/2026\/02\/sw-barabary-rzut-768x458.png 768w, https:\/\/intermontecoconsulting.pl\/wp-content\/uploads\/2026\/02\/sw-barabary-rzut-1536x916.png 1536w\" sizes=\"(max-width: 1686px) 100vw, 1686px\" \/>\t\t\t\t\t\t\t\t<\/a>\n\t\t\t\t\t\t\t\t\t\t\t\t\t\t\t<\/div>\n\t\t\t\t\t<\/div>\n\t\t\t\t<\/div>\n\t\t\t\t\t<\/div>\n\t\t<\/div>\n\t\t\t\t\t<\/div>\n\t\t<\/section>\n\t\t<div class=\"elementor-element elementor-element-6a9c2ed e-flex e-con-boxed wpr-particle-no wpr-jarallax-no wpr-parallax-no wpr-sticky-section-no e-con e-parent\" data-id=\"6a9c2ed\" data-element_type=\"container\" data-e-type=\"container\">\n\t\t\t\t\t<div class=\"e-con-inner\">\n\t\t\t\t<div class=\"elementor-element elementor-element-01d5cdd elementor-arrows-position-inside elementor-pagination-position-outside elementor-widget elementor-widget-image-carousel\" data-id=\"01d5cdd\" data-element_type=\"widget\" data-e-type=\"widget\" data-settings=\"{&quot;navigation&quot;:&quot;both&quot;,&quot;autoplay&quot;:&quot;yes&quot;,&quot;pause_on_hover&quot;:&quot;yes&quot;,&quot;pause_on_interaction&quot;:&quot;yes&quot;,&quot;autoplay_speed&quot;:5000,&quot;infinite&quot;:&quot;yes&quot;,&quot;speed&quot;:500}\" data-widget_type=\"image-carousel.default\">\n\t\t\t\t\t\t\t<div class=\"elementor-image-carousel-wrapper swiper\" role=\"region\" aria-roledescription=\"carousel\" aria-label=\"Karuzela obrazk\u00f3w\" dir=\"ltr\">\n\t\t\t<div class=\"elementor-image-carousel swiper-wrapper swiper-image-stretch\" aria-live=\"off\">\n\t\t\t\t\t\t\t\t<div class=\"swiper-slide\" role=\"group\" aria-roledescription=\"slide\" aria-label=\"1 z 4\"><a data-elementor-open-lightbox=\"yes\" data-elementor-lightbox-slideshow=\"01d5cdd\" data-elementor-lightbox-title=\"5\" data-e-action-hash=\"#elementor-action%3Aaction%3Dlightbox%26settings%3DeyJpZCI6NTc0LCJ1cmwiOiJodHRwczpcL1wvaW50ZXJtb250ZWNvY29uc3VsdGluZy5wbFwvd3AtY29udGVudFwvdXBsb2Fkc1wvMjAyNlwvMDJcLzUuanBlZyIsInNsaWRlc2hvdyI6IjAxZDVjZGQifQ%3D%3D\" href=\"https:\/\/intermontecoconsulting.pl\/wp-content\/uploads\/2026\/02\/5.jpeg\"><figure class=\"swiper-slide-inner\"><img decoding=\"async\" class=\"swiper-slide-image\" src=\"https:\/\/intermontecoconsulting.pl\/wp-content\/uploads\/2026\/02\/5-768x549.jpeg\" alt=\"5\" \/><\/figure><\/a><\/div><div class=\"swiper-slide\" role=\"group\" aria-roledescription=\"slide\" aria-label=\"2 z 4\"><a data-elementor-open-lightbox=\"yes\" data-elementor-lightbox-slideshow=\"01d5cdd\" data-elementor-lightbox-title=\"3\" data-e-action-hash=\"#elementor-action%3Aaction%3Dlightbox%26settings%3DeyJpZCI6NTczLCJ1cmwiOiJodHRwczpcL1wvaW50ZXJtb250ZWNvY29uc3VsdGluZy5wbFwvd3AtY29udGVudFwvdXBsb2Fkc1wvMjAyNlwvMDJcLzMuanBlZyIsInNsaWRlc2hvdyI6IjAxZDVjZGQifQ%3D%3D\" href=\"https:\/\/intermontecoconsulting.pl\/wp-content\/uploads\/2026\/02\/3.jpeg\"><figure class=\"swiper-slide-inner\"><img decoding=\"async\" class=\"swiper-slide-image\" src=\"https:\/\/intermontecoconsulting.pl\/wp-content\/uploads\/2026\/02\/3-768x542.jpeg\" alt=\"3\" \/><\/figure><\/a><\/div><div class=\"swiper-slide\" role=\"group\" aria-roledescription=\"slide\" aria-label=\"3 z 4\"><a data-elementor-open-lightbox=\"yes\" data-elementor-lightbox-slideshow=\"01d5cdd\" data-elementor-lightbox-title=\"2\" data-e-action-hash=\"#elementor-action%3Aaction%3Dlightbox%26settings%3DeyJpZCI6NTcyLCJ1cmwiOiJodHRwczpcL1wvaW50ZXJtb250ZWNvY29uc3VsdGluZy5wbFwvd3AtY29udGVudFwvdXBsb2Fkc1wvMjAyNlwvMDJcLzIuanBlZyIsInNsaWRlc2hvdyI6IjAxZDVjZGQifQ%3D%3D\" href=\"https:\/\/intermontecoconsulting.pl\/wp-content\/uploads\/2026\/02\/2.jpeg\"><figure class=\"swiper-slide-inner\"><img decoding=\"async\" class=\"swiper-slide-image\" src=\"https:\/\/intermontecoconsulting.pl\/wp-content\/uploads\/2026\/02\/2-768x518.jpeg\" alt=\"2\" \/><\/figure><\/a><\/div><div class=\"swiper-slide\" role=\"group\" aria-roledescription=\"slide\" aria-label=\"4 z 4\"><a data-elementor-open-lightbox=\"yes\" data-elementor-lightbox-slideshow=\"01d5cdd\" data-elementor-lightbox-title=\"1\" data-e-action-hash=\"#elementor-action%3Aaction%3Dlightbox%26settings%3DeyJpZCI6NTcxLCJ1cmwiOiJodHRwczpcL1wvaW50ZXJtb250ZWNvY29uc3VsdGluZy5wbFwvd3AtY29udGVudFwvdXBsb2Fkc1wvMjAyNlwvMDJcLzEuanBlZyIsInNsaWRlc2hvdyI6IjAxZDVjZGQifQ%3D%3D\" href=\"https:\/\/intermontecoconsulting.pl\/wp-content\/uploads\/2026\/02\/1.jpeg\"><figure class=\"swiper-slide-inner\"><img decoding=\"async\" class=\"swiper-slide-image\" src=\"https:\/\/intermontecoconsulting.pl\/wp-content\/uploads\/2026\/02\/1-768x516.jpeg\" alt=\"1\" \/><\/figure><\/a><\/div>\t\t\t<\/div>\n\t\t\t\t\t\t\t\t\t\t\t\t<div class=\"elementor-swiper-button elementor-swiper-button-prev\" role=\"button\" tabindex=\"0\">\n\t\t\t\t\t\t<svg aria-hidden=\"true\" class=\"e-font-icon-svg e-eicon-chevron-left\" viewBox=\"0 0 1000 1000\" xmlns=\"http:\/\/www.w3.org\/2000\/svg\"><path d=\"M646 125C629 125 613 133 604 142L308 442C296 454 292 471 292 487 292 504 296 521 308 533L604 854C617 867 629 875 646 875 663 875 679 871 692 858 704 846 713 829 713 812 713 796 708 779 692 767L438 487 692 225C700 217 708 204 708 187 708 171 704 154 692 142 675 129 663 125 646 125Z\"><\/path><\/svg>\t\t\t\t\t<\/div>\n\t\t\t\t\t<div class=\"elementor-swiper-button elementor-swiper-button-next\" role=\"button\" tabindex=\"0\">\n\t\t\t\t\t\t<svg aria-hidden=\"true\" class=\"e-font-icon-svg e-eicon-chevron-right\" viewBox=\"0 0 1000 1000\" xmlns=\"http:\/\/www.w3.org\/2000\/svg\"><path d=\"M696 533C708 521 713 504 713 487 713 471 708 454 696 446L400 146C388 133 375 125 354 125 338 125 325 129 313 142 300 154 292 171 292 187 292 204 296 221 308 233L563 492 304 771C292 783 288 800 288 817 288 833 296 850 308 863 321 871 338 875 354 875 371 875 388 867 400 854L696 533Z\"><\/path><\/svg>\t\t\t\t\t<\/div>\n\t\t\t\t\n\t\t\t\t\t\t\t\t\t<div class=\"swiper-pagination\"><\/div>\n\t\t\t\t\t\t\t\t\t<\/div>\n\t\t\t\t\t\t<\/div>\n\t\t\t\t\t<\/div>\n\t\t\t\t<\/div>\n\t\t\t\t<\/div>\n\t\t","protected":false},"excerpt":{"rendered":"<p>Osiedle &#8222;\u015aw. Barbary&#8221; w Wieliczce Lokalizacja:Teren inwestycyjny przeznaczony do zabudowy wielorodzinnej zlokalizowany jest przy ul. \u015aw. Barbary na terenie miasta Wieliczka,\u00a0w s\u0105siedztwie Krakowa oraz parku handlowego. Powierzchnia:Pow. terenu inwestycji: 19 191m2 Warunki ZabudowyPowierzchnia zabudowy: 4 605m2 (24%)Pow. biol. czynna: 7 676m2 (40%)Szeroko\u015b\u0107 elewacji frontowej: 14,5-23m Wysoko\u015b\u0107 kalenicy 10m +\/-1mWysoko\u015b\u0107 okap\u00f3w<\/p>\n","protected":false},"author":1,"featured_media":0,"parent":0,"menu_order":0,"comment_status":"closed","ping_status":"closed","template":"page-templates\/template-pagebuilder-full-width.php","meta":{"footnotes":""},"class_list":["post-423","page","type-page","status-publish","hentry"],"_links":{"self":[{"href":"https:\/\/intermontecoconsulting.pl\/index.php\/wp-json\/wp\/v2\/pages\/423","targetHints":{"allow":["GET"]}}],"collection":[{"href":"https:\/\/intermontecoconsulting.pl\/index.php\/wp-json\/wp\/v2\/pages"}],"about":[{"href":"https:\/\/intermontecoconsulting.pl\/index.php\/wp-json\/wp\/v2\/types\/page"}],"author":[{"embeddable":true,"href":"https:\/\/intermontecoconsulting.pl\/index.php\/wp-json\/wp\/v2\/users\/1"}],"replies":[{"embeddable":true,"href":"https:\/\/intermontecoconsulting.pl\/index.php\/wp-json\/wp\/v2\/comments?post=423"}],"version-history":[{"count":25,"href":"https:\/\/intermontecoconsulting.pl\/index.php\/wp-json\/wp\/v2\/pages\/423\/revisions"}],"predecessor-version":[{"id":577,"href":"https:\/\/intermontecoconsulting.pl\/index.php\/wp-json\/wp\/v2\/pages\/423\/revisions\/577"}],"wp:attachment":[{"href":"https:\/\/intermontecoconsulting.pl\/index.php\/wp-json\/wp\/v2\/media?parent=423"}],"curies":[{"name":"wp","href":"https:\/\/api.w.org\/{rel}","templated":true}]}}